{"id":652,"date":"2012-12-13T14:48:08","date_gmt":"2012-12-13T12:48:08","guid":{"rendered":"http:\/\/roifn.ro\/site\/?page_id=652"},"modified":"2016-10-06T11:13:02","modified_gmt":"2016-10-06T08:13:02","slug":"forest-ghg-management","status":"publish","type":"page","link":"https:\/\/roifn.ro\/site\/proiecte\/forest-ghg-management\/","title":{"rendered":"Forest Greenhouse Gas Management"},"content":{"rendered":"<h2>Cod proiect<\/h2>\n<p><strong>PN-II-ID-PCE-2011-3-0781<\/strong><br \/>\n<strong>Contract nr. 111 \/ 05.10.2011<\/strong><\/p>\n<p><strong>Termenul<\/strong><br \/>\n05.10.2011 &#8211; 03.10.2016<\/p>\n<p><strong>Valoarea proiectului<\/strong><br \/>\n1170000 RON<\/p>\n<h2>Finan\u021bat de UEFSCDI<\/h2>\n<p><img loading=\"lazy\" class=\"alignnone size-full wp-image-649\" title=\"uefiscdi\" src=\"http:\/\/roifn.ro\/site\/wp-content\/uploads\/2012\/12\/ue.jpg\" alt=\"\" width=\"84\" height=\"32\" \/><\/p>\n<p>Unitatea Executiva pentru Finan\u021barea<br \/>\nInvatamantului Superior, a Cercet\u0103rii,Dezvolt\u0103rii si Inov\u0103rii<\/p>\n<p><a href=\"http:\/\/www.uefiscdi.gov.ro\/\">www.uefiscdi.gov.ro<\/a><\/p>\n<h2>Participanti<\/h2>\n<p>Olivier Bouriaud<br \/>\nDaniel Turcu<br \/>\nCosmin Brag\u0103<br \/>\nGheorghe Guiman<br \/>\nLaurentiu Ciobanu<br \/>\nMarius Teodosiu<br \/>\nIonu\u021b \u0218tefan<br \/>\nGheorghe \u0218tefan<br \/>\nMihai Lupescu<\/p>\n<div id=\"wp-tabs-1\" class=\"wp-tabs wpui-alma wpui-styles wpui-tabs-horizontal wpui-no-background\" data-style=\"wpui-alma\"><br \/>\n<h3 class=\"wp-tab-title\">Contextul \u0219tiin\u021bific si scopul proiectului<\/h3><br \/>\n<div class=\"wp-tab-content\"><div class=\"wp-tab-content-wrapper\"><\/p>\n<p style=\"text-align: justify;\">De\u015fi nivelul emisiilor de gaze cu efect de ser\u0103 (GHG, din englez\u0103 \u2013 GreenHouse Gases) a crescut constant \u00een ultimele trei decenii, exist\u0103 speran\u0163e conform c\u0103rora sectorul de folosin\u0163\u0103 a terenurilor poate contribui la reducerea acestor emisii prin sechestrarea carbonului \u00een soluri \u015fi prin producerea de bioenergie (IPCC 2007, UNFCCC 2008). Astfel, biosfera terestr\u0103 a absorbit 13% din emisiile rezultate din arderea combustibililor fosili generate de EU-25 \u00een ultima decad\u0103 (Schulze et al. 2008) \u00een principal prin p\u0103duri \u015fi paji\u015fti (p\u0103\u015funi \u015fi f\u00e2ne\u0163e) ac\u0163ion\u00e2nd ca \u015fi captatori de carbon. Importan\u0163a estim\u0103rii a puterii de capare de carbon a acestora, precum \u015fi a elasticit\u0103\u0163ii \u00een ceea ce prive\u015fte schimb\u0103rile climatice a fost accentuat\u0103 mai departe de nevoia unor \u0163\u0103ri de a separa sursele \u015fi captatorii de carbon cu origine natural\u0103 sau antropogenic\u0103 \u00een perioada de dup\u0103 negocierile privind Protocolul Kyoto.<\/p>\n<p style=\"text-align: justify;\">Elementele principale care controleaz\u0103 fluxurile de GHG sunt numeroase, at\u00e2t naturale c\u00e2t \u015fi umane, \u015fi interac\u0163ioneaz\u0103 \u00eentr-o manier\u0103 complex\u0103. Acestea au devenit o prioritate pentru mul\u0163i cercet\u0103tori \u00een ultima decad\u0103, astfel \u00eenc\u00e2t multe programe au avut ca scop cuantificarea \u015fi \u00een\u0163elegerea fluxurilor de GHG \u015fi factorii care le influen\u0163eaz\u0103. \u00cen ciuda acestor eforturi, multe aspecte r\u0103m\u00e2n necunoscute. \u00cen acela\u015fi timp, comunitatea \u015ftiin\u0163ific\u0103 este \u00eentrebat\u0103 ce schimb\u0103ri de management ar putea fi implementate \u00een vederea \u00eembun\u0103t\u0103\u0163irii balan\u0163ei de GHG \u015fi \u00een vederea atenu\u0103rii efectelor acestora, chiar dac\u0103 multe aspecte privind fluxurile de GHG nu sunt \u00een\u0163elese. Variabilitatea spa\u0163ial\u0103 \u015fi temporal\u0103 a surselor \u015fi captatorilor de GHG din cadrul ecosistemelor terestre trebuie studiate \u00een continuare. Acesta este scopul proiectului finan\u0163at de UE FP-7 \u201eGHG Europe\u201d (<a href=\"http:\/\/www.ghg-europe.eu\/\">www.ghg-europe.eu<\/a>), care are ca \u0163el determinarea a cum \u015fi \u00een ce m\u0103sur\u0103 ciclul carbonului \u015fi emisiile de GHG \u00een ecosistemele terestre pot fi gestionate. Ideea care st\u0103 la baz\u0103 este de a gestiona fluxurile de GHG prin managementul ecosistemelor terestre.<\/p>\n<p style=\"text-align: justify;\">Av\u00e2nd circa 7 milioane de hectare de p\u0103dure, Rom\u00e2nia are un imens poten\u0163ial pentru atenuarea efectelor schimb\u0103rilor climatice prin sechestrarea carbonului. Rom\u00e2nia a semnat Protocolul Kyoto \u00een ianuarie 2001, av\u00e2nd o \u0163int\u0103 de reducere a emisiilor GHG de 8% pentru prima perioad\u0103 de angajament 2008-2012. nevoia de informa\u0163ii actuale este evident\u0103, datorit\u0103 faptului c\u0103 Rom\u00e2nia trebuie s\u0103 raporteze inventarierea GHG anual. Totu\u015fi, p\u0103durile rom\u00e2ne\u015fti prezint\u0103 situa\u0163ii \u015fi caracteristici speciale care fac aceast\u0103 inventariere at\u00e2t valoroas\u0103 c\u00e2t \u015fi provocatoare, \u00een primul r\u00e2nd pentru c\u0103 o mare parte din p\u0103duri sunt naturale, f\u0103r\u0103 influen\u0163e antropice sau cu influen\u0163e foarte mici, iar \u00een al doilea r\u00e2nd, pentru c\u0103 sunt relativ multe schimb\u0103ri \u00een ceea ce prive\u015fte schimbarea folosin\u0163ei terenurilor, \u00een mare parte datorate retroced\u0103rii p\u0103durilor c\u0103tre proprietarii priva\u0163i din trecut, precum \u015fi datorate schimb\u0103rilor profunde din agricultur\u0103. Schimb\u0103rile folosin\u0163ei terenurilor reprezint\u0103 un factor cu o importan\u0163\u0103 extraordinar\u0103 \u00een ceea ce prive\u015fte emisiile de GHG pe scar\u0103 larg\u0103 (Rounsevell et al. 2006, Smith et al. 2005). Acestea pot compensa poten\u0163ial c\u00e2\u015ftigurile ob\u0163inute din cre\u015fterile p\u0103durilor \u015fi trebuiesc monitorizate \u00eendeaproape \u015fi contabilizate atent \u00een vederea ob\u0163inerii de bugete \u015fi predic\u0163ii GHG realiste.<\/p>\n<p style=\"text-align: justify;\">Importan\u0163a pentru studiile la nivel european a Rom\u00e2niei, care r\u0103m\u00e2ne o regiune subevaluat\u0103 \u015fi sub-e\u015fantionat\u0103, a fost recunoscut\u0103 prin includerea unei echipe din cadrul Institutului de Cercet\u0103ri \u015fi Amenaj\u0103ri Silvice \u00een consor\u0163iul proiectului FP-7 <em>GHG Europe<\/em> \u00een pachetul de lucru WP3 \u201eImpactul gestiunii terenului asupra balan\u0163ei regionale de GHG \u00een regiuni selectate, bogate \u00een informa\u0163ii, din Europa\u201d. \u00cen cadrul acestui proiect, sarcina este de a institui un gradient de management (de gospod\u0103rire) \u00een p\u0103durile de fag pentru a studia impactul gospod\u0103ririi asupra bugetului de GHG \u00een f\u0103gete. \u00cen acest scop, un laborator de cromatografie a gazelor este \u00een curs de instalare, care va da posibilitatea de a m\u0103sura fluxurile din sol a principalelor gaze: CO<sub>2<\/sub>, CH<sub>4<\/sub>, \u015fi N<sub>2<\/sub>O e\u015fantionate folosind camere de respira\u0163ie. Un gradient al managementului a fost constituit pentru p\u0103durile de fag, gradient ce va permite cuantificarea influen\u021bei gospod\u0103ririi p\u0103durilor asupra fluxurilor de GHG. Gradientul de management acoper\u0103 a palet\u0103 larg\u0103 de modalit\u0103\u0163i de gospod\u0103rire, de la arborete echiene, la relativ pluriene \u015fi pluriene, av\u00e2nd condi\u0163ii de sol \u015fi de cre\u0219tere \u015fi productivitate a c\u0103ror variabilitate este minimizat\u0103.<\/p>\n<p style=\"text-align: justify;\">Prezentul proiect \u00ee\u015fi propune un obiectiv simplu \u2013 s\u0103 extind\u0103 gradientul existent la loca\u0163ii \u015fi condi\u0163ii de mare relevan\u0163\u0103 \u015fi specifice p\u0103durilor rom\u00e2ne\u015fti: terenuri re\u00eemp\u0103durite recent, terenuri desp\u0103durite recent, precum \u015fi p\u0103duri naturale.<\/div><\/div><!-- end div.wp-tab-content --><br \/>\n<h3 class=\"wp-tab-title\">Obiective<\/h3><br \/>\n<div class=\"wp-tab-content\"><div class=\"wp-tab-content-wrapper\">Obiectivul principal al proiectului este de a estima impactul managementului forestier asupra fluxurilor de GHG ale ecosistemelor forestiere.<\/p>\n<p style=\"text-align: justify;\">Scopul este de a crea un gradient de management complet, care s\u0103 includ\u0103 \u015fi situa\u0163iile extreme care sunt destul de rar \u00eent\u00e2lnite \u015fi nedocumentate, \u015fi de a ob\u0163ine date provenite din m\u0103sur\u0103tori experimentale ale fluxurilor \u015fi fondului de GHG.<\/p>\n<p style=\"text-align: justify;\">Gradientul de management construit \u00een cadrul proiectului <em>GHG Europe<\/em> este elaborat pentru fag, care este specia de prim rang \u00een Rom\u00e2nia \u00een ceea ce prive\u015fte volumul pe picior, fiind \u00een acela\u0219i timp foarte r\u0103sp\u00e2ndit\u0103 \u00een Europa, de aceea fiind de mare relevan\u0163\u0103 at\u00e2t la nivel na\u0163ional c\u00e2t \u015fi la nivel european. Acest gradient este constituit \u00een prezent din 12 suprafe\u0163e de prob\u0103, selectate a fi reprezentative pentru f\u0103gete, \u00eens\u0103 av\u00e2nd constr\u00e2ngeri severe \u00een ceea ce prive\u015fte distan\u0163a maxim\u0103 \u00eentre ele \u00een sensul gospod\u0103ririi \u015fi motiva\u0163iilor economice. Suprafe\u0163ele de prob\u0103 selectate sunt reprezentative pentru gospod\u0103rirea forestier\u0103 tipic\u0103 \u015fi totu\u015fi diversificat\u0103, av\u00e2nd contrastante frecven\u0163a \u015fi intensitatea interven\u0163iilor silvotehnice (lucr\u0103ri de \u00eengrijire, tratamente silviculturale) executate de-a lungul ciclului de existen\u0163\u0103 a arboretelor.<\/p>\n<p style=\"text-align: justify;\">Totu\u015fi, acest gradient existent deja este incomplet, lipsind loca\u0163iile (respectiv condi\u0163iile) extreme, \u00een primul r\u00e2nd arboretele naturale care se constituie ca extremitatea a gradientului de management, adev\u0103rata referin\u0163\u0103 pentru orice studiu de management(gospod\u0103rire): lipsa total\u0103 a managementului (a influen\u0163ei umane), arborete \u201cde control\u201d. Rom\u00e2nia, av\u00e2nd peste 200000 ha de p\u0103duri naturale, ofer\u0103 aceste posibilit\u0103\u0163i. Mai mult dec\u00e2t at\u00e2t, exist\u0103 o controvers\u0103 \u00een lumea \u015ftiin\u0163ific\u0103 privind capacitatea p\u0103durilor seculare \u015fi naturale de a func\u0163iona ca \u015fi captatori de carbon (Knohl et al. 2003, Luyssaert et al. 2008, Gleixner et al. 2009), \u00een acela\u015fi timp mul\u0163i cercet\u0103tori mai degrab\u0103 consider\u0103 aceste p\u0103duri ca fiind neutre privind fluxul de carbon. Achizi\u0163ia de date experimentale va permite clarificarea ulterioar\u0103 a statutului p\u0103durilor naturale din Europa \u015fi a comport\u0103rii acestora vis-\u00e0-vis de fluxurile de GHG.<\/div><\/div><!-- end div.wp-tab-content --><br \/>\n<h3 class=\"wp-tab-title\">Abordare si metode<\/h3><br \/>\n<div class=\"wp-tab-content\"><div class=\"wp-tab-content-wrapper\"><\/p>\n<p style=\"text-align: justify;\">Datele cu privire la stocarea de carbon \u00een p\u0103durile studiate sunt foarte rare \u0219i par\u021biale. Interesul pe plan mondial este \u00eens\u0103 foarte mare deoarece stocarea \u0219i fluxurile de carbon ale p\u0103durilor virgine au fost foarte pu\u021bin studiate \u0219i documentate p\u00e2n\u0103 \u00een prezent. Datele vor permite estimarea fluxurilor \u0219i stocurile de carbon de a lungul gradientului complet de gestionare a p\u0103durilor stabilit. O monitorizare pe tot parcursul anului este necesar\u0103 pentru a permite estimarea bugetelor anuale. Prelucrarea datelor pentru analiza impactului de management este destul de simpl\u0103, iar extrapolarea rezultatelor poate fi asigurat\u0103 printr-o selec\u021bie atent\u0103 a parcelelor cu criterii stricte de reprezentativitate.<\/p>\n<p style=\"text-align: justify;\">Principalele rezervoare de emisii sau sechestrare de carbon sunt vegeta\u021bia \u0219i solurile. Estimarea magnitudinii fluxurilor de carbon care \u00eentr\u0103 \u00een p\u0103duri sau care sunt emise din p\u0103dure poate fi realizat\u0103 prin analiza distribu\u021biei actual\u0103 a carbonului depozitat \u00een sol \u0219i \u00een vegeta\u021bie. Solurile reprezint\u0103 aproximativ 50% din stocul de carbon \u00een p\u0103durile temperate (Pregitzer \u0219i Eushirchen 2004). Restul este biomasa aerian\u0103. Analiza stocurilor \u0219i a dinamicii lor, \u0219i, astfel, a fluxurilor, trebuie realizat\u0103 prin folosirea a dou\u0103 abord\u0103ri complementare concentrate, fiecare pe un compartiment specific: aerian &#8211; subteran.<br \/>\nFluxurile sunt estimate dup\u0103 cromatografie. Biomasa aerian\u0103 \u2013 care poate fi transformat\u0103 \u00een mod direct \u00een stocurile de carbon- \u0219i dinamica acesta va fi studiat\u0103 prin studii biometrice \u0219i dendrocronologice: prin compara\u021bia inventarului \u0219i reconstruc\u021biei dendrocronologice pentru analiza retrospectiva a productivit\u0103\u021bii. Fluxurile din sol reflect\u0103 dinamica stocurilor de sol \u0219i sunt studiate prin utilizarea unor camere de respira\u021bie. E\u0219antioane de gaz vor fi luate din camerele instalate pe teren utiliz\u00e2nd acela\u0219i echipament \u0219i metodologie ca \u0219i cele utilizate \u00een cadrul proiectului european PC-7 \u201cGHG Europe\u201d.<\/p>\n<p style=\"text-align: justify;\">Dintre toate moleculele cu efect de ser\u0103, cele pe baz\u0103 de carbon, de CO2 \u0219i de metan sunt de departe cele mai studiat, \u00eens\u0103 protoxidul de azot nu trebuie neglijat deoarece contribu\u021bia sa la efectul de ser\u0103 este foarte important\u0103. Cromatografele de gaze recent dezvoltate permit o m\u0103sur\u0103 de rutin\u0103 a acestor gaze, \u00een concentra\u021bia \u0219i condi\u021biile din aerul ambiant, dar sunt \u00eenc\u0103 in mare \u201ccustom-made\u201d. Echipamentul folosit a fost \u00eenfiin\u021bat \u00een cadrul proiectului PC-7 \u201cGHG Europe\u201d. Colaborarea str\u00e2ns\u0103 cu echipa din institutul Johan Heinrich von Institutul Th\u00fcnen, foarte specializat\u0103 \u00een cromatografie, va asigura folosirea unei metodologii performante.<\/p>\n<p><\/div><\/div><!-- end div.wp-tab-content --><br \/>\n<h3 class=\"wp-tab-title\">Rezultate<\/h3><br \/>\n<div class=\"wp-tab-content\"><div class=\"wp-tab-content-wrapper\"><\/p>\n<p style=\"text-align: justify;\">\n<p><strong>Articole BDI<\/strong><\/p>\n<ul>\n<li>Turcu D.O., Merce O., C\u00e2ntar I.C., Cadar N. 2013. Research on litter and humus amounts in a beech natural forest. <i>Journal of Horticulture, Forestry and Biotechnology<\/i>, 17(2). Vol. 17 No. 2 pp. 181-184.<\/li>\n<li>Turcu D.O. 2013. Tree Mortality Processes in Natural Forests \u2013 short review. <i>Journal of Horticulture, Forestry and Biotechnology<\/i>, 17(2). Vol. 17 No. 2 pp. 172-180.<\/li>\n<li>Teodosiu M. 2014. Naturalitatea p\u0103durii: concepte, caracteristici \u0219i implica\u021bii asupra conserv\u0103rii. <i>Bucovina Forestier\u0103<\/i>, 14(1): 68-76.<\/li>\n<li>Teodosiu M. 2014. Evaluarea gradului de naturalitate \u0219i a caracteristicilor structurale \u00een rezerva\u021biile P\u0103durea Voievodeasa \u0219i Codrul Secular Loben din Obcinile Bucovinei. <i>Bucovina Forestier\u0103<\/i>, 14(1): 68-76.<\/li>\n<li>Merce O., Borlea G.F., Turcu D.O. 2014. Definitions and structural attributes of the ecosystems from natural forests &#8211; short review. <i>Journal of Horticulture, Forestry and Biotechnology<\/i>, 18 (2) 2014 114-120, ISSN 2066-1797.<\/li>\n<li>Turcu D.O., Merce O., Cantar I.C., Cadar N. 2014. Specific management measures for the beech forest habitats from Western Romania. <i>Journal of Horticulture, Forestry and Biotechnology<\/i>, 18(3): 83-86.<\/li>\n<li>Turcu D.O., Merce O. 2014. Investigating forest canopies using modern field-based methods. <i>Journal of Horticulture, Forestry and Biotechnology<\/i>, 18(3), 77-82.<\/li>\n<li>Bouriaud O., Marin G., Bouriaud L., Hessenmoeller D., Schulze E.-D. 2016. Romanian legal management rules limit wood production in Norway spruce and beech forests. <i>Forest Ecosystems<\/i> 3(1) 1-11.<\/li>\n<li>Brag\u0103 C. 2016. Efectul intensit\u0103\u0163ii r\u0103riturilor asupra dinamicii sezoniere a fluxului de dioxid de carbon din sol. <i>Revista P\u0103durilor<\/i>, sub tipar.<\/li>\n<li>Hessenmoeller D., Eisenhans A.S., Fritzlar D., Bouriaud O., Schulze E.-D. 2016. Growth and wood volume targets for uneven-aged beech-dominated selection forests in Thuringia, Germany. <i>Forest Ecosystems<\/i>, \u00een evaluare.<\/li>\n<li>\u0218tefan G., Marin G., Bouriaud L. 2016. Evaluarea volumului extragerilor necontrolate de arbori prin monitorizare multianual\u0103 \u00een suprafe\u021be de prob\u0103. <i>Bucovina Forestier\u0103<\/i>, \u00een evaluare.<\/li>\n<\/ul>\n<p><strong>Articole ISI<\/strong><\/p>\n<ul>\n<li>\nTeodosiu M., Bouriaud O., 2012. Deadwood specific density and its influential factors: A case study from a pure Norway spruce old-growth forest in the Eastern Carpathians. <i>Forest Ecology and Management<\/i>, Volume 283: 77-85<br \/>\n<a href=\"http:\/\/www.sciencedirect.com\/science\/article\/pii\/S0378112712003891\" target=\"_blank\"> http:\/\/www.sciencedirect.com\/science\/article\/pii\/S0378112712003891 <\/a>\n<\/li>\n<li>\nWalentowski H., Schulze E.D., Teodosiu M., Bouriaud O., von Hessberg A., Bussler H., Baldauf L., Schulze I., Boecker R., Herzog S., Schulze W., 2014. Sustainable forest management of Natura 2000 sites: a case study from a private forest in the Romanian Southern Carpathians. <i>Annals of Forest Research<\/i>, 56(1): 217-244<br \/>\n<a href=\"http:\/\/www.editurasilvica.ro\/afr\/56\/1\/walentowski.pdf\" target=\"_blank\"> http:\/\/www.editurasilvica.ro\/afr\/56\/1\/walentowski.pdf <\/a>\n<\/li>\n<li>\nBabst F., Bouriaud O., Alexander R., Trouet V., Frank D., 2014. Toward consistent measurements of carbon accumulation: A multi-site assessment of biomass and basal area increment across Europe. <i>Dendrochronologia<\/i>, 32(2), 153-161.<br \/>\n<a href=\"http:\/\/www.sciencedirect.com\/science\/article\/pii\/S1125786514000034\" target=\"_blank\"> http:\/\/www.sciencedirect.com\/science\/article\/pii\/S1125786514000034 <\/a>\n<\/li>\n<li>\nBouriaud O., Frank D., Bhatti J.S. 2014. Assessing the influence of climate\u2014water table interactions on jack pine and black spruce productivity in western central Canada. <i>Ecoscience<\/i> 21(3-4): 315-326.<br \/>\n<a href=\"http:\/\/www.tandfonline.com\/doi\/abs\/10.2980\/21-(3-4)-3707\">http:\/\/www.tandfonline.com\/doi\/abs\/10.2980\/21-(3-4)-3707<\/a>\n<\/li>\n<li>\nvan der Maaten-Theunissen M., van der Maaten E., Bouriaud O. 2015. pointRes: An R package to analyze pointer years and components of resilience. Dendrochronologia, 35(1), 34-38-161.<br \/>\n<a href=\"http:\/\/www.sciencedirect.com\/science\/article\/pii\/S1125786515000429\" target=\"_blank\"> http:\/\/www.sciencedirect.com\/science\/article\/pii\/S1125786515000429 <\/a>\n<\/li>\n<li>\nBouriaud O., Teodosiu M., Kirdyanov A.V., Wirth C. 2015. Influence of wood density in tree-based annual productivity assessments and its errors in Norway spruce. Biogeosciences, 12: 1-13.<br \/>\n<a href=\"http:\/\/www.biogeosciences.net\/12\/6205\/2015\/bg-12-6205-2015.html\" target=\"_blank\"> http:\/\/www.biogeosciences.net\/12\/6205\/2015\/bg-12-6205-2015.html <\/a>\n<\/li>\n<li>\nvan der Maaten E., van der Maaten-Theunissen M., Smiljani\u0107 M., Rossi R., Simard S., Wilmking M., Deslauriers A., Fonti P., von Arx G., Bouriaud O. 2016. dendrometeR: analyzing the pulse of trees in R. Dendrochronologia, 40: 12-16.<br \/>\n<a href=\"http:\/\/www.sciencedirect.com\/science\/article\/pii\/S1125786516300662\" target=\"_blank\"> http:\/\/www.sciencedirect.com\/science\/article\/pii\/S1125786516300662 <\/a>\n<\/li>\n<\/ul>\n<p><strong>Capitole \u00een c\u0103r\u021bi<\/strong><\/p>\n<ul>\n<li>\nTurcu D., Merce O, Tomescu R., Ponette Q. 2015. Densities of large trees in natural forests &#8211;  A key structural characteristic. Case study from Izvoarele Nerei Nature Reserve, SW Romania. In 15th International Multidisciplinary Scientific GeoConference SGEM 2015, www.sgem.org, SGEM2015 Conference Proceedings, ISBN 978-619-7105-37-7 \/ ISSN 1314-2704, June 18-24, 2015, Book3 Vol. 2, 455-462 pp.<br \/>\n<a href=\"http:\/\/www.sgem.org\/sgemlib\/spip.php?article6069\" target=\"_blank\"> http:\/\/www.sgem.org\/sgemlib\/spip.php?article6069 <\/a>\n<\/li>\n<\/ul>\n<p><strong>Conferinte<\/strong><\/p>\n<ul>\n<li>\nCOST Action FP1305 Biolink: linking belowground biodiversity to function in European forests. University of Reading,  UK, 4-7 November, 2014.<br \/>\nCan forest management influence on the soil GHG fluxes?<br \/>\nBrag\u0103 C., Bouriaud O., Dinc\u0103 L., Sp\u00e2rchez G.\n<\/li>\n<li>\nCOST Action STReESS: Studying Tree Responses to extreme Events: a SynthesiS. Estoril, Portugal, 22-23 October, 2014.<br \/>\nAnalyzing the time series of dendrometer data using routines in SAS and R.<br \/>\nBouriaud O., Deslauriers A., Rossi S., Simard S., Teodosiu M., van der Maaten E.\n<\/li>\n<li>\nInternational Symposium &#8220;Forest and Sustainable Development&#8221; Bra\u0219ov, Romania 24-25 October, 2014.<br \/>\nTurcu D.O., Merce O. Densities of large trees in natural forests &#8211; a key structural characteristic. Case study from \u201cIzvoarele Nerei\u201d Nature Reserve, SW Romania.<br \/>\nMerce O., Borlea G.F., Turcu D.O., Cantar I. C., Biris I.A., Deadwood volume and its correlation with stand composition in the &#8216;Runcu Grosi&#8217; Nature Reserve<br \/>\nAbstracts: <a href=\"http:\/\/www.unitbv.ro\/Portals\/16\/fisiere_silvic\/cercetare\/simpozion2014\/Book%20of%20abstracts.pdf\" target=\"_blank\"> http:\/\/www.unitbv.ro\/Portals\/16\/fisiere_silvic\/cercetare\/simpozion2014\/Book%20of%20abstracts.pdf <\/a>\n<\/li>\n<\/ul>\n<p><strong>Referate \u0219tiin\u021bifice<\/strong><\/p>\n<ul>\n<li><a title=\"Raport \u015ftiin\u021bific, faza 1 (05.10-15.12.2011)\" href=\"http:\/\/roifn.ro\/site\/wp-content\/uploads\/2013\/06\/IDEI-111-referat-stiintific-faza-1.pdf\" target=\"_blank\">Raport \u015ftiin\u021bific, faza 1 (05.10-15.12.2011)<\/a><\/li>\n<li><a title=\"Raport \u015ftiin\u0163ific, faza 2 (15.12.2011-15.12.2012)\" href=\"http:\/\/roifn.ro\/site\/wp-content\/uploads\/2013\/06\/IDEI-111-referat-stiintific-faza-2.pdf\" target=\"_blank\">Raport \u015ftiin\u0163ific, faza 2 (15.12.2011-15.12.2012)<\/a><\/li>\n<li><a title=\"Raport \u015ftiin\u0163ific, faza 3 (15.12.2012-15.12.2013)\" href=\"http:\/\/roifn.ro\/site\/wp-content\/uploads\/2013\/06\/IDEI-111-referat-stiintific-faza-3.pdf\" target=\"_blank\">Raport \u015ftiin\u0163ific, faza 3 (15.12.2012-15.12.2013)<\/a><\/li>\n<li><a title=\"Raport \u015ftiin\u0163ific, faza 4 (15.12.2013-15.12.2014)\" href=\"http:\/\/roifn.ro\/site\/wp-content\/uploads\/2013\/06\/IDEI-111-referat-stiintific-faza-4.pdf\" target=\"_blank\">Raport \u015ftiin\u0163ific, faza 4 (15.12.2013-15.12.2014)<\/a><\/li>\n<li><a title=\"Raport \u015ftiin\u0163ific, faza 5 (15.12.2014-15.12.2015)\" href=\"http:\/\/roifn.ro\/site\/wp-content\/uploads\/2013\/06\/IDEI-111-referat-stiintific-faza-5.pdf\" target=\"_blank\">Raport \u015ftiin\u0163ific, faza 5 (15.12.2014-15.12.2015)<\/a><\/li>\n<li><a title=\"Raport \u015ftiin\u0163ific (05.10.2011-03.10.2016)\" href=\"http:\/\/roifn.ro\/site\/wp-content\/uploads\/2013\/06\/IDEI-111-referat-stiintific-final-RO.pdf\" target=\"_blank\">Raport \u015ftiin\u0163ific (05.10.2011-03.10.2016)<\/a><\/li>\n<\/ul>\n<p><\/div><\/div><!-- end div.wp-tab-content --><br \/>\n<\/div><!-- end div.wp-tabs -->\n","protected":false},"excerpt":{"rendered":"<p>Cod proiect PN-II-ID-PCE-2011-3-0781 Contract nr. 111 \/ 05.10.2011 Termenul 05.10.2011 &#8211; 03.10.2016 Valoarea proiectului 1170000 RON Finan\u021bat de UEFSCDI Unitatea Executiva pentru Finan\u021barea Invatamantului Superior, a Cercet\u0103rii,Dezvolt\u0103rii si Inov\u0103rii www.uefiscdi.gov.ro Participanti Olivier Bouriaud Daniel Turcu Cosmin Brag\u0103 Gheorghe Guiman Laurentiu Ciobanu Marius Teodosiu Ionu\u021b \u0218tefan Gheorghe \u0218tefan Mihai Lupescu<\/p>\n","protected":false},"author":1,"featured_media":0,"parent":246,"menu_order":10,"comment_status":"closed","ping_status":"closed","template":"page-full.php","meta":[],"_links":{"self":[{"href":"https:\/\/roifn.ro\/site\/wp-json\/wp\/v2\/pages\/652"}],"collection":[{"href":"https:\/\/roifn.ro\/site\/wp-json\/wp\/v2\/pages"}],"about":[{"href":"https:\/\/roifn.ro\/site\/wp-json\/wp\/v2\/types\/page"}],"author":[{"embeddable":true,"href":"https:\/\/roifn.ro\/site\/wp-json\/wp\/v2\/users\/1"}],"replies":[{"embeddable":true,"href":"https:\/\/roifn.ro\/site\/wp-json\/wp\/v2\/comments?post=652"}],"version-history":[{"count":40,"href":"https:\/\/roifn.ro\/site\/wp-json\/wp\/v2\/pages\/652\/revisions"}],"predecessor-version":[{"id":1168,"href":"https:\/\/roifn.ro\/site\/wp-json\/wp\/v2\/pages\/652\/revisions\/1168"}],"up":[{"embeddable":true,"href":"https:\/\/roifn.ro\/site\/wp-json\/wp\/v2\/pages\/246"}],"wp:attachment":[{"href":"https:\/\/roifn.ro\/site\/wp-json\/wp\/v2\/media?parent=652"}],"curies":[{"name":"wp","href":"https:\/\/api.w.org\/{rel}","templated":true}]}}