{"id":490,"date":"2013-04-30T10:24:33","date_gmt":"2013-04-30T07:24:33","guid":{"rendered":"http:\/\/roifn.ro\/site\/?page_id=490"},"modified":"2014-06-06T14:08:05","modified_gmt":"2014-06-06T11:08:05","slug":"definitii-vegetatia-forestiera","status":"publish","type":"page","link":"https:\/\/roifn.ro\/site\/ce-este-ifn\/definitii-vegetatia-forestiera\/","title":{"rendered":"Vegeta\u0163ia forestier\u0103 &#8211; Defini\u0163ii"},"content":{"rendered":"<p>\u00cen cadrul IFN se realizeaz\u0103 inventarierea statistic\u0103 a \u00eentregii vegeta\u0163ii forestiere de pe teritoriul \u0163\u0103rii. Deoarece defini\u0163iile categoriilor de vegeta\u0163ie forestier\u0103 utilizate \u00een \u0163ara noastr\u0103 corespund numai par\u0163ial cu defini\u0163iile utilizate pe plan interna\u0163ional, \u00een IFN se utilizeaz\u0103 ambele sisteme de clasificare a vegeta\u0163iei forestiere.<\/p>\n<p>&nbsp;<\/p>\n<h4><strong>A. Conform defini\u0163iilor utilizate \u00een \u0163ara noastr\u0103, vegeta\u0163ia forestier\u0103 se compune din <em>fondul forestier na\u0163ional<\/em> \u015fi din <em>vegeta\u0163ia forestier\u0103 din afara fondului forestier na\u0163ional <\/em>(dou\u0103 categorii).<\/strong><\/h4>\n<p>&nbsp;<\/p>\n<h2><strong>1. Fondul forestier na\u0163ional<\/strong>.<\/h2>\n<p>Potrivit Codului silvic (Legea nr. 46 din 19.03.2008), totalitatea p\u0103durilor, a terenurilor destinate \u00eempaduririi, a celor care servesc nevoilor de cultur\u0103, produc\u0163ie sau administra\u0163ie silvic\u0103, a iazurilor, a albiilor p\u00e2raielor, a altor terenuri cu destina\u0163ie forestier\u0103 \u015fi neproductive, cuprinse \u00een amenajamente silvice la data de 1 ianuarie 1990 sau incluse \u00een acestea ulterior, \u00een condi\u0163iile legii, constituie, indiferent de natura dreptului de proprietate, fondul forestier na\u0163ional.<\/p>\n<p>Fondul forestier na\u0163ional<strong> <\/strong>include:<\/p>\n<div style=\"padding-left: 20px;\">\n<p>a) p\u0103durile;<\/p>\n<p>b) terenurile \u00een curs de regenerare \u015fi planta\u0163iile \u00eenfiin\u0163ate \u00een scopuri forestiere;<\/p>\n<p>c) terenurile destinate \u00eemp\u0103duririi: terenuri degradate \u015fi terenuri ne\u00eempadurite, stabilite \u00een condi\u0163iile legii a fi \u00eempadurite;<\/p>\n<p>d) terenurile care servesc nevoilor de cultur\u0103: pepiniere, solarii, plantaje \u0219i culturi de plante-mam\u0103;<\/p>\n<p>e) terenurile care servesc nevoilor de produc\u0163ie silvic\u0103: culturile de r\u0103chit\u0103, pomi de Cr\u0103ciun, arbori \u0219i arbu\u015fti ornamentali \u0219i fructiferi;<\/p>\n<p>f) terenurile care servesc nevoilor de administra\u0163ie silvic\u0103: terenuri destinate asigur\u0103rii hranei v\u00e2natului \u015fi producerii de furaje, terenuri date \u00een folosin\u0163\u0103 temporar\u0103 personalului silvic;<\/p>\n<p>g) terenurile ocupate de construc\u0163ii si cur\u0163ile aferente acestora: sedii administrative, cabane, fazanerii, p\u0103str\u0103v\u0103rii, cresc\u0103torii de animale de interes v\u00e2n\u0103toresc, drumuri si c\u0103i forestiere de transport, spa\u0163ii industriale, alte dot\u0103ri tehnice specifice sectorului forestier;<\/p>\n<p>h) iazurile, albiile p\u00e2raielor, precum si terenurile neproductive incluse \u00een amenajamentele silvice;<\/p>\n<p>i) perdelele forestiere de protec\u0163ie;<\/p>\n<p>j) jnepeni\u015furile;<\/p>\n<p>k) p\u0103\u015funile \u00eemp\u0103durite cu consisten\u0163a mai mare sau egal\u0103 cu 0,4, calculat\u0103 numai pentru suprafa\u0163a ocupat\u0103 efectiv de vegeta\u0163ia forestier\u0103.<\/p>\n<\/div>\n<p>Toate terenurile incluse \u00een fondul forestier na\u0163ional sunt <strong>terenuri cu destina\u0163ie forestier\u0103<\/strong>.<\/p>\n<p>Sunt considerate <strong>p\u0103duri <\/strong>\u015fi sunt incluse \u00een fondul forestier na\u0163ional terenurile cu o suprafa\u0163\u0103 de cel pu\u0163in 0,25 ha, acoperite cu arbori; arborii trebuie s\u0103 ating\u0103 o \u00een\u0103l\u0163ime minim\u0103 de 5m la maturitate \u00een condi\u0163ii normale de vegeta\u0163ie.<\/p>\n<p><strong>  <\/strong> Termenul p\u0103dure include:<\/p>\n<div style=\"padding-left: 20px;\">\n<p>a) p\u0103durile cuprinse \u00een amenajamentele silvice la data de 1 ianuarie 1990, precum \u015fi cele incluse ulterior \u00een acestea, \u00een condi\u0163iile legii;<\/p>\n<p>b) perdelele forestiere de protec\u0163ie;<\/p>\n<p>c) jnepeni\u015furile;<\/p>\n<p>d) p\u0103\u015funile \u00eemp\u0103durite cu consisten\u0163a mai mare sau egal\u0103 cu 0,4, calculat\u0103 numai pentru suprafa\u0163a ocupat\u0103 efectiv de vegeta\u0163ia forestier\u0103.<\/p>\n<\/div>\n<h2><strong>2. Vegeta\u0163ia forestier\u0103 din afara fondului forestier na\u0163ional. <\/strong><\/h2>\n<p>Este alc\u0103tuit\u0103 din urm\u0103toarele categorii:<\/p>\n<div style=\"padding-left: 20px;\">\n<p>a) planta\u0163iile cu specii forestiere de pe terenuri agricole;<\/p>\n<p>b) vegeta\u0163ia forestier\u0103 de pe p\u0103\u015funi cu consisten\u0163a mai mic\u0103 de 0,4;<\/p>\n<p>c) f\u00e2ne\u0163ele \u00eemp\u0103durite;<\/p>\n<p>d) planta\u0163iile cu specii forestiere \u0219i arborii din zonele de protec\u0163ie a lucr\u0103rilor hidrotehnice \u015fi de \u00eembun\u0103t\u0103\u0163iri funciare;<\/p>\n<p>e) arborii situa\u0163i de-a lungul cursurilor de ap\u0103 \u015fi canalelor;<\/p>\n<p>f) zonele verzi din intravilan, altele dec\u00e2t cele definite ca p\u0103duri;<\/p>\n<p>g) parcurile dendrologice \u0219i arboretumurile, altele dec\u00e2t cele cuprinse \u00een p\u0103duri;<\/p>\n<p>h) aliniamentele de arbori situate de-a lungul c\u0103ilor de transport \u015fi comunica\u0163ie.<\/p>\n<\/div>\n<p>&nbsp;<\/p>\n<h4><strong style=\"font-size: 1em;\">B. Conform defini\u0163iilor utilizate pe plan interna\u0163ional, vegeta\u0163ia forestier\u0103 se compune din <em>p\u0103dure<\/em> <em>(forest)<\/em> \u015fi din <em>alte terenuri cu vegeta\u0163ie forestier\u0103 (other wooded land) <\/em><\/strong><strong style=\"font-size: 1em;\">(dou\u0103 categorii)<\/strong><strong style=\"font-size: 1em;\">. O categorie aparte o reprezint\u0103 <em>arborii din afara p\u0103durii (trees outside forest)<\/em>.<\/strong><\/h4>\n<p>&nbsp;<\/p>\n<h2><strong>1. P\u0103dure. <\/strong><\/h2>\n<p>Terenuri cu vegeta\u0163ie forestier\u0103 av\u00e2nd indicele de acoperire (consisten\u0163a) mai mare de 10% \u015fi suprafa\u0163a mai mare de 0,5ha. Arborii trebuie s\u0103 ating\u0103 \u00een\u0103l\u0163imea minim\u0103 de 5m la maturitate \u00een condi\u0163ii normale de vegeta\u0163ie (excep\u0163ie: jnepeni\u015furi \u015fi anini\u015furi de anin verde, terenuri \u00eemp\u0103durite sau cu tinereturi, suprafe\u0163e exploatate, arse sau cu dobor\u00e2turi produse de v\u00e2nt etc.), iar l\u0103\u0163imea vegeta\u0163iei forestiere s\u0103 fie de minim 20m. Include: pepinierele \u015fi plantajele forestiere, drumurile forestiere, micile suprafe\u0163e goale din p\u0103dure, perdelele forestiere de protec\u0163ie cu suprafa\u0163a mai mare de 0,5ha \u015fi l\u0103\u0163imea mai mare de 20m. Nu include terenurile utilizate preponderent \u00een scopuri agricole.<\/p>\n<h2><strong>2. Alte terenuri cu vegeta\u0163ie forestier\u0103. <\/strong><\/h2>\n<p>Terenuri cu vegeta\u0163ie forestier\u0103 av\u00e2nd suprafa\u0163a mai mare de 0,5ha, l\u0103\u0163imea mai mare de 20m \u015fi indicele de acoperire (consisten\u0163a) fie de 5-10% pentru arborii  capabili s\u0103 ating\u0103 \u00een\u0103l\u0163imea minim\u0103 de 5m la maturitate \u00een condi\u0163ii normale de vegeta\u0163ie, fie peste 10% pentru arborii care nu pot atinge 5m \u00een\u0103l\u0163ime la maturitate (arbori pitici) \u015fi arbu\u015fti. Nu include terenurile utilizate preponderent \u00een scopuri agricole.<\/p>\n<h2><strong>3. Arbori din afara p\u0103durii. <\/strong><\/h2>\n<p>Terenurile cu arbori care nu \u00eendeplinesc condi\u021biile pentru a fi cuprinse la categoriile <em>p\u0103dure<\/em> sau <em>alte terenuri cu vegeta\u0163ie forestier\u0103<\/em>. Include: arborii de pe terenurile care corespund defini\u0163iilor <em>p\u0103dure<\/em> \u015fi <em>alte terenuri cu vegeta\u0163ie forestier\u0103,<\/em> dar cu suprafa\u0163a mai mic\u0103 de 0,5ha sau l\u0103\u0163imea mai mic\u0103 de 20m, arborii r\u0103zle\u0163i de pe f\u00e2ne\u0163e \u015fi p\u0103\u015funi permanente, arborii din parcuri \u015fi gr\u0103dini, din jurul cl\u0103dirilor, din aliniamentele de-a lungul str\u0103zilor, drumurilor, c\u0103ilor ferate, r\u00e2urilor, cursurilor de ap\u0103 \u015fi canalelor, perdelele forestiere de protec\u0163ie cu l\u0103\u0163imea mai mic\u0103 de 20m sau suprafa\u0163a sub 0,5ha.<\/p>\n","protected":false},"excerpt":{"rendered":"<p>\u00cen cadrul IFN se realizeaz\u0103 inventarierea statistic\u0103 a \u00eentregii vegeta\u0163ii forestiere de pe teritoriul \u0163\u0103rii. Deoarece defini\u0163iile categoriilor de vegeta\u0163ie forestier\u0103 utilizate \u00een \u0163ara noastr\u0103 corespund numai par\u0163ial cu defini\u0163iile utilizate pe plan interna\u0163ional, \u00een IFN se utilizeaz\u0103 ambele sisteme de clasificare a vegeta\u0163iei forestiere. &nbsp; A. Conform defini\u0163iilor utilizate \u00een \u0163ara noastr\u0103, vegeta\u0163ia forestier\u0103 [&hellip;]<\/p>\n","protected":false},"author":1,"featured_media":0,"parent":12,"menu_order":0,"comment_status":"closed","ping_status":"open","template":"page-left.php","meta":[],"_links":{"self":[{"href":"https:\/\/roifn.ro\/site\/wp-json\/wp\/v2\/pages\/490"}],"collection":[{"href":"https:\/\/roifn.ro\/site\/wp-json\/wp\/v2\/pages"}],"about":[{"href":"https:\/\/roifn.ro\/site\/wp-json\/wp\/v2\/types\/page"}],"author":[{"embeddable":true,"href":"https:\/\/roifn.ro\/site\/wp-json\/wp\/v2\/users\/1"}],"replies":[{"embeddable":true,"href":"https:\/\/roifn.ro\/site\/wp-json\/wp\/v2\/comments?post=490"}],"version-history":[{"count":13,"href":"https:\/\/roifn.ro\/site\/wp-json\/wp\/v2\/pages\/490\/revisions"}],"predecessor-version":[{"id":981,"href":"https:\/\/roifn.ro\/site\/wp-json\/wp\/v2\/pages\/490\/revisions\/981"}],"up":[{"embeddable":true,"href":"https:\/\/roifn.ro\/site\/wp-json\/wp\/v2\/pages\/12"}],"wp:attachment":[{"href":"https:\/\/roifn.ro\/site\/wp-json\/wp\/v2\/media?parent=490"}],"curies":[{"name":"wp","href":"https:\/\/api.w.org\/{rel}","templated":true}]}}