{"id":43,"date":"2011-01-11T13:07:38","date_gmt":"2011-01-11T13:07:38","guid":{"rendered":"http:\/\/localhost\/roifn.ro\/?page_id=43"},"modified":"2025-11-25T10:40:53","modified_gmt":"2025-11-25T08:40:53","slug":"departament","status":"publish","type":"page","link":"https:\/\/roifn.ro\/site\/departament\/","title":{"rendered":"Departament"},"content":{"rendered":"\n<p>IFN este realizat de Institutul de Cercet\u0103ri \u015fi Amenaj\u0103ri Silvice Bucure\u015fti. \u00cen fiecare an este acoperit\u0103 \u00eentreaga suprafa\u0163\u0103 a terenurilor cu vegeta\u0163ie forestier\u0103, parcurg\u00e2ndu-se cu lucr\u0103ri de teren un sfert din num\u0103rul total de suprafe\u0163e de prob\u0103 (circa 6000 de suprafe\u0163e de prob\u0103 permanente \u015fi 1250 de suprafe\u0163e de prob\u0103 temporare).<\/p>\n\n\n\n<h2>Personal<\/h2>\n\n\n\n<p>\u00cen prezent, \u00een cadrul IFN \u00ee\u015fi desf\u0103\u015foar\u0103 activitatea 79 de persoane. Au fost organizate 21 de echipe de teren, fiecare echip\u0103 fiind compus\u0103 din 3 persoane. O echip\u0103 de control asigur\u0103 verificarea m\u0103sur\u0103torilor de teren. Alte 17 persoane lucreaz\u0103 \u00een compartimentele IFN de fotointerpretare, logistic\u0103, baze de date, dendrocronologie \u015fi analiza chimic\u0103 a solurilor forestiere.<\/p>\n\n\n\n<h2>Harta echipelor IFN<\/h2>\n\n\n\n<div class=\"wp-block-image\"><figure class=\"aligncenter size-large\"><img loading=\"lazy\" width=\"1024\" height=\"727\" src=\"https:\/\/roifn.ro\/site\/wp-content\/uploads\/2025\/11\/echipe-1-1024x727.jpg\" alt=\"\" class=\"wp-image-1341\" srcset=\"https:\/\/roifn.ro\/site\/wp-content\/uploads\/2025\/11\/echipe-1-1024x727.jpg 1024w, https:\/\/roifn.ro\/site\/wp-content\/uploads\/2025\/11\/echipe-1-300x213.jpg 300w, https:\/\/roifn.ro\/site\/wp-content\/uploads\/2025\/11\/echipe-1-768x545.jpg 768w, https:\/\/roifn.ro\/site\/wp-content\/uploads\/2025\/11\/echipe-1-1536x1091.jpg 1536w, https:\/\/roifn.ro\/site\/wp-content\/uploads\/2025\/11\/echipe-1.jpg 1674w\" sizes=\"(max-width: 1024px) 100vw, 1024px\" \/><\/figure><\/div>\n\n\n\n<h2>Echipamente de m\u0103surare<\/h2>\n\n\n\n<p>Instrumentele \u015fi echipamentele pentru lucr\u0103rile de teren au fost selectate pentru a \u00eendeplini cerin\u0163ele de precizie \u015fi eficien\u0163\u0103 \u015fi s\u0103 permit\u0103 m\u0103surarea tuturor caracteristicilor arborilor din suprafe\u0163ele de prob\u0103. Echipele de teren sunt dotate cu dispozitive electronice de m\u0103surare, cum ar fi calculatoarele de teren, GPS \u015fi Vertex III. Un program de calculator special a fost dezvoltat de Institutul de Cercet\u0103ri \u015fi Amenaj\u0103ri Silvice Bucure\u015fti, care permite at\u00e2t \u00eenregistrarea tuturor datelor de teren m\u0103surate, direct \u00een computer, c\u00e2t \u015fi transmiterea acestora \u00een baza de date central\u0103 IFN.<\/p>\n\n\n\n<h2>Asigurarea calit\u0103\u0163ii<\/h2>\n\n\n\n<p>Exist\u0103 trei modalit\u0103\u0163i de asigurare a calit\u0103\u0163ii datelor IFN. Cea mai eficient\u0103 este o foarte bun\u0103 instruire a echipelor de teren \u015fi efectuarea de teste de inter-calibrare \u00eentre echipe. \u00cen acest sens, un curs de instruire de 2 s\u0103pt\u0103m\u00e2ni este organizat \u00een fiecare an cu toate echipele IFN.<\/p>\n\n\n\n<p>O alt\u0103 modalitate este utilizarea unui sistem de corela\u0163ii, de conexiuni logice \u015fi de restric\u0163ii \u00een programul informatic de introducere a datelor de teren \u015fi de a controla datele colectate de c\u0103tre echipele de teren folosind un software specializat.<\/p>\n\n\n\n<p>A treia cale este de a controla m\u0103sur\u0103torile efectuate de echipele de teren, prin efectuarea unei re-m\u0103sur\u0103ri a unui procent din suprafe\u0163ele de prob\u0103 IFN de c\u0103tre echipa de control.<\/p>\n","protected":false},"excerpt":{"rendered":"<p>IFN este realizat de Institutul de Cercet\u0103ri \u015fi Amenaj\u0103ri Silvice Bucure\u015fti. \u00cen fiecare an este acoperit\u0103 \u00eentreaga suprafa\u0163\u0103 a terenurilor cu vegeta\u0163ie forestier\u0103, parcurg\u00e2ndu-se cu lucr\u0103ri de teren un sfert din num\u0103rul total de suprafe\u0163e de prob\u0103 (circa 6000 de suprafe\u0163e de prob\u0103 permanente \u015fi 1250 de suprafe\u0163e de prob\u0103 temporare). Personal \u00cen prezent, \u00een [&hellip;]<\/p>\n","protected":false},"author":1,"featured_media":0,"parent":0,"menu_order":2,"comment_status":"closed","ping_status":"closed","template":"page-left.php","meta":[],"_links":{"self":[{"href":"https:\/\/roifn.ro\/site\/wp-json\/wp\/v2\/pages\/43"}],"collection":[{"href":"https:\/\/roifn.ro\/site\/wp-json\/wp\/v2\/pages"}],"about":[{"href":"https:\/\/roifn.ro\/site\/wp-json\/wp\/v2\/types\/page"}],"author":[{"embeddable":true,"href":"https:\/\/roifn.ro\/site\/wp-json\/wp\/v2\/users\/1"}],"replies":[{"embeddable":true,"href":"https:\/\/roifn.ro\/site\/wp-json\/wp\/v2\/comments?post=43"}],"version-history":[{"count":11,"href":"https:\/\/roifn.ro\/site\/wp-json\/wp\/v2\/pages\/43\/revisions"}],"predecessor-version":[{"id":1343,"href":"https:\/\/roifn.ro\/site\/wp-json\/wp\/v2\/pages\/43\/revisions\/1343"}],"wp:attachment":[{"href":"https:\/\/roifn.ro\/site\/wp-json\/wp\/v2\/media?parent=43"}],"curies":[{"name":"wp","href":"https:\/\/api.w.org\/{rel}","templated":true}]}}