{"id":246,"date":"2011-01-25T13:16:27","date_gmt":"2011-01-25T11:16:27","guid":{"rendered":"http:\/\/www.roifn.ro\/wp\/?page_id=246"},"modified":"2020-06-15T14:52:59","modified_gmt":"2020-06-15T11:52:59","slug":"proiecte","status":"publish","type":"page","link":"https:\/\/roifn.ro\/site\/proiecte\/","title":{"rendered":"Proiecte"},"content":{"rendered":"<h2 style=\"text-align: justify;\">Na\u0163ionale<\/h2>\n<p>Elaborarea elementelor parte a Raportului privind progresul prognozat, raport sub Articolulul 3.2 al Deciziei 280\/2004\/EC<\/p>\n<p><a href=\"http:\/\/www.mmediu.ro\/beta\/programe\/finantate-din-fonduri-externe-nerambursabile\/fonduri-phare\/\" target=\"_blank\">Program PHARE<\/a>: Sprijin pentru Implementarea cerin\u0163elor UE privind monitorizarea \u015fi raportarea emisiilor de dioxid de carbon (CO2) \u015fi ale altor gaze cu efect de ser\u0103.<\/p>\n<p style=\"text-align: justify;\"><a href=\"http:\/\/unfccc.int\/national_reports\/annex_i_ghg_inventories\/national_inventories_submissions\/items\/7383.php\" target=\"_blank\">LULUCF<\/a>: Compilarea inventarului na\u0163ional al GES pe sectorul Folosin\u0163a terenurilor, schimbarea folosin\u0163ei terenurilor \u015fi silvicultur\u0103 (LULUCF) pentru raportarea din anul 2012, 2013 si 2014, \u00een acord cu obliga\u0163iile asumate \u00een calitate de Parte la Conven\u0163ia-Cadru a Na\u0163iunilor Unite asupra Schimb\u0103rilor Climatice (UNFCCC) \u015fi cu obliga\u0163iile asumate \u00een calitate de Parte la Protocolul de la Kyoto (KP).<\/p>\n<p style=\"text-align: justify;\">Programul Nucleu : Analiza factorilor ce determin\u0103 emisia \u015fi absorb\u0163ia gazelor cu efect de ser\u0103 din sectorul silvic.<\/p>\n<p style=\"text-align: justify;\"><a title=\"Forest Greenhouse Gas Management\" href=\"http:\/\/roifn.ro\/site\/forest-ghg-management\/\">Forest Greenhouse Gas Management<\/a>: Obiectivul principal al proiectului este de a estima impactul managementului forestier asupra fluxurilor de GHG ale ecosistemelor forestiere.<\/p>\n<p style=\"text-align: justify;\"><a title=\"Planificare strategica forestiera la nivel de arbore folosind technici de teledetectie (RemoteForest)\" href=\"http:\/\/roifn.ro\/site\/proiecte\/remoteforest\/\">RemoteForest<\/a>: Planificare strategica forestiera la nivel de arbore folosind technici de teledetectie.<\/p>\n<h2 style=\"text-align: justify;\">Interna\u0163ionale<\/h2>\n<p style=\"text-align: justify;\"><a title=\"Programul FP7\" href=\"http:\/\/roifn.ro\/ghg-europe\/\" target=\"_blank\">Programul FP7<\/a>. Proiect GHG-Europe : Green House Gases management in European land use systems<\/p>\n<p style=\"text-align: justify;\"><a title=\"European Forest Data Centre\" href=\"http:\/\/efdac.jrc.ec.europa.eu\/\" target=\"_blank\">JRC \u2013 E-Forest<\/a>: Provision of forest data and services in support to the European Forest Data Centre (EFDAC)<\/p>\n<p style=\"text-align: justify;\"><a title=\"Life+\" href=\"http:\/\/ec.europa.eu\/environment\/life\/funding\/lifeplus.htm\" target=\"_blank\">Programul LIFE+<\/a>. Further Development and Implementation of an EU-level Forest Monitoring System (<a title=\"Further Development and Implementation of an EU-level Forest Monitoring System\" href=\"http:\/\/www.futmon.org\/\">FutMon<\/a>)<\/p>\n<p style=\"text-align: justify;\"><a title=\"Harmonisation of National Inventories\" href=\"http:\/\/www.cost.esf.org\/domains_actions\/fps\/Actions\/Harmonisation_of_National_Inventories\">Programul COST &#8211; Action E43 <\/a>: Harmonisation of National Forest Inventories in Europe: Techniques for Common Reporting<\/p>\n<p style=\"text-align: justify;\">JRC &#8211; Methods for Assessing Carbon Sequestration in European Forests (<a title=\"Methods for Assessing Carbon Sequestration in European Forests\" href=\"http:\/\/publications.jrc.ec.europa.eu\/repository\/handle\/111111111\/14708\">MASCAREF<\/a>)<\/p>\n<p style=\"text-align: justify;\"><a title=\"USEWOOD\" href=\"http:\/\/www.cost.esf.org\/domains_actions\/fps\/Actions\/usewood\">Programul COST \u2013 Ac\u0163iunea FP1001<\/a> \u201eImproving Data and Information on the Potential Supply of Wood Resources: A European Approach from Multisource National Forest Inventories (USEWOOD)\u201d<\/p>\n<p style=\"text-align: justify;\"><a title=\"DIABOLO\" href=\"http:\/\/diabolo-project.eu\/\">Program H2020 &#8211; Proiect DIABOLO<\/a>\u00a0\u201eDistributed, Integrated and Harmonised Forest Information for Bioeconomy Outlooks\u201d<\/p>\n<p style=\"text-align: justify;\"><a title=\"Forest Flux\" href=\"https:\/\/www.forestflux.eu\/forest-flux-in-romana\/\">Program H2020 &#8211; Proiect Forest Flux<\/a>\u00a0\u201eForest Carbon Flux and Storage Mapping Service\u201d<\/p>\n","protected":false},"excerpt":{"rendered":"<p>Na\u0163ionale Elaborarea elementelor parte a Raportului privind progresul prognozat, raport sub Articolulul 3.2 al Deciziei 280\/2004\/EC Program PHARE: Sprijin pentru Implementarea cerin\u0163elor UE privind monitorizarea \u015fi raportarea emisiilor de dioxid de carbon (CO2) \u015fi ale altor gaze cu efect de ser\u0103. LULUCF: Compilarea inventarului na\u0163ional al GES pe sectorul Folosin\u0163a terenurilor, schimbarea folosin\u0163ei terenurilor \u015fi [&hellip;]<\/p>\n","protected":false},"author":1,"featured_media":0,"parent":0,"menu_order":4,"comment_status":"closed","ping_status":"closed","template":"page-left.php","meta":[],"_links":{"self":[{"href":"https:\/\/roifn.ro\/site\/wp-json\/wp\/v2\/pages\/246"}],"collection":[{"href":"https:\/\/roifn.ro\/site\/wp-json\/wp\/v2\/pages"}],"about":[{"href":"https:\/\/roifn.ro\/site\/wp-json\/wp\/v2\/types\/page"}],"author":[{"embeddable":true,"href":"https:\/\/roifn.ro\/site\/wp-json\/wp\/v2\/users\/1"}],"replies":[{"embeddable":true,"href":"https:\/\/roifn.ro\/site\/wp-json\/wp\/v2\/comments?post=246"}],"version-history":[{"count":13,"href":"https:\/\/roifn.ro\/site\/wp-json\/wp\/v2\/pages\/246\/revisions"}],"predecessor-version":[{"id":1192,"href":"https:\/\/roifn.ro\/site\/wp-json\/wp\/v2\/pages\/246\/revisions\/1192"}],"wp:attachment":[{"href":"https:\/\/roifn.ro\/site\/wp-json\/wp\/v2\/media?parent=246"}],"curies":[{"name":"wp","href":"https:\/\/api.w.org\/{rel}","templated":true}]}}