{"id":174,"date":"2011-01-10T13:13:58","date_gmt":"2011-01-10T11:13:58","guid":{"rendered":"http:\/\/localhost\/roifn.ro\/?page_id=2"},"modified":"2025-11-25T11:04:18","modified_gmt":"2025-11-25T09:04:18","slug":"despre-ifn","status":"publish","type":"page","link":"https:\/\/roifn.ro\/site\/despre-ifn\/","title":{"rendered":"Despre IFN"},"content":{"rendered":"<p style=\"text-align: justify;\">Inventarul forestier na\u0163ional (IFN) a fost ini\u0163iat \u00een anul 2006. El este proiectat s\u0103 acopere \u00eentreaga vegeta\u0163ie forestiere din Rom\u00e2nia, respectiv fondul forestier na\u0163ional, vegeta\u0163ia forestier\u0103 din afara fondului forestier na\u0163ional \u015fi arborii din afara p\u0103durii. Institutul de Cercet\u0103ri \u015fi Amenaj\u0103ri Silvice Bucure\u015fti este responsabil pentru proiectarea \u015fi punerea \u00een aplicare a IFN, pentru efectuarea m\u0103sur\u0103torilor de teren, prelucrarea \u015fi analiza datelor IFN \u015fi publicarea rezultatelor ob\u0163inute. IFN este inspirat din diferite inventare forestiere folosite \u00een prezent \u00een \u0163\u0103rile europene, cu adapt\u0103rile corespunz\u0103toare caracteristicilor vegeta\u0163iei forestiere \u015fi condi\u0163iilor de relief din Rom\u00e2nia.<\/p>\n<h2>Glosar de termeni<\/h2>\n<p style=\"text-align: justify;\"><em><strong>Ciclul I IFN (IFN1)<\/strong><\/em> \u2013 perioada \u00een care s-a efectuat prima inventariere a arborilor din cuprinsul suprafe\u021belor de prob\u0103 IFN (2008-2012).<br \/>\n<em><strong>Ciclul II IFN (IFN2)<\/strong><\/em> \u2013 perioada \u00een care s-a efectuat cea de-a doua inventariere a arborilor din cuprinsul suprafe\u021belor de prob\u0103 IFN (2013-2018).<br \/>\n<strong><em>Ciclul III IFN (IFN3)<\/em><\/strong> \u2013 perioada \u00een care s-a efectuat cea de-a treia inventariere a arborilor din cuprinsul suprafe\u021belor de prob\u0103 IFN (2020-2024).<br \/>\n<em><strong>Suprafa\u021ba de p\u0103dure acoperit\u0103 cu arbori<\/strong><\/em> \u2013 suprafa\u021ba de p\u0103dure delimitat\u0103 pe baza evalu\u0103rii sectoarelor suprafe\u021belor de prob\u0103 (SSP) av\u00e2nd folosin\u021ba \u201dp\u0103dure\u201d. Aceasta reprezint\u0103 doar suprafa\u021ba de p\u0103dure acoperit\u0103 efectiv cu arbori, utilizat\u0103 pentru evaluarea volumelor la hectar, \u0219i nu \u00eentreaga suprafa\u021b\u0103 de p\u0103dure conform defini\u021biei generale.<br \/>\n<em><strong>Volumul de lemn pe picior<\/strong><\/em> \u2013volumul de lemn (m\u00b3) aferent arborilor afla\u021bi \u00een picioare, peste un diametru de baz\u0103 (dbh) minim stabilit prin metodologie (diametrul la 1,3 m \u2265 5,6 cm). Include tulpina \u0219i ramurile arborilor din p\u0103dure at\u00e2t pentru speciile de r\u0103\u0219inoase ca \u0219i pentru cele de foioase.<br \/>\n<em><strong>Fond productiv<\/strong><\/em> (growing stock) \u2013 volumul arborilor vii, pe picior, existen\u021bi \u00een p\u0103dure, peste un diametru de baz\u0103 minim stabilit prin metodologie (diametrul la 1,3 m \u2265 5,6 cm). Include trunchiul \u0219i ramurile arborilor din p\u0103dure at\u00e2t pentru speciile de r\u0103\u0219inoase cat si pentru cele de foioase.<br \/>\n<em><strong>Cre\u0219terea brut\u0103<\/strong><\/em> \u2013 volumul de lemn total acumulat de arborii vii \u00eentr-un ciclu IFN, incluz\u00e2nd at\u00e2t lemnul r\u0103mas \u00een p\u0103dure, a arborilor nou-intra\u021bi, c\u00e2t \u0219i cresterea arborilor exploatati sau disp\u0103ruti. Termenul este echivalent cu cre\u0219terea curent\u0103.<br \/>\n<em><strong>Cre\u0219terea net\u0103<\/strong><\/em> \u2013 volumul de lemn acumulat prin crestere bruta \u00eentr-un ciclu IFN, dup\u0103 deducerea pierderilor prin mortalitate.<br \/>\n<em><strong>Mortalitatea arborilor<\/strong><\/em> \u2013 volumul de lemn pierdut ca urmare a usc\u0103rii sau distrugerii arborilor vii din cauze naturale sau antropice. Include, arborii usca\u021bi pe picior \u00eentr-un ciclu IFN, arborii care s-au uscat \u0219i au c\u0103zut pe sol \u00een acela\u0219i ciclu IFN, v\u00e2rfurile arborilor vii rup\u021bi \u0219i c\u0103zute pe sol.<br \/>\n<em><strong>Volumul de lemn exploatat<\/strong><\/em> \u2013 Volumul arborilor t\u0103ia\u021bi \u00eentre dou\u0103 cicluri IFN succesive \u0219i care nu au mai fost identifica\u021bi \u00een suprafa\u021ba de prob\u0103. Acesta se compune din volumul arborilor recolta\u021bi \u0219i volumul resturilor de exploatare (cr\u0103ci \u0219i v\u00e2rfuri cu diametrul mai mic de 5 cm).<br \/>\n<em><strong>Volumul de lemn recoltat<\/strong><\/em> \u2013 Volumul arborilor t\u0103ia\u021bi \u00eentre dou\u0103 cicluri IFN succesive \u0219i care au fost sco\u0219i cu certitudine din p\u0103dure. Acesta include volumul arborilor t\u0103ia\u021bi prin t\u0103ieri selective sau rase, precum \u0219i al celor pentru care nu s-a mai g\u0103sit cioata, la care se adaug\u0103 cre\u0219terea arborilor recolta\u021bi pentru jum\u0103tate din perioada ciclului IFN. Nu include volumul resturilor r\u0103mase \u00een p\u0103dure \u00een urma procesului de exploatare (cr\u0103ci cu diametrul sub 5 cm, trunchiuri r\u0103mase din arborii t\u0103ia\u021bi etc.).<br \/>\n<em><strong>Arbori mor\u021bi c\u0103zu\u021bi la p\u0103m\u00e2nt<\/strong><\/em> \u2013 arbori care erau deja mor\u021bi pe picior la momentul inventarierii din ciclul anterior, dar care, \u00een ciclul curent, au fost g\u0103si\u021bi c\u0103zu\u021bi pe sol. \u00cen acest volum sunt incluse \u0219i v\u00e2rfurile rupte din arborii mor\u021bi pe picior \u00een ciclul curent, care au fost g\u0103site pe sol. Ace\u0219ti arbori nu se \u00eenregistreaz\u0103 la mortalitate, ci se includ \u00een volumul de lemn mort.<br \/>\n<em><strong>Metodologie de calcul<\/strong><\/em> \u2013 ansamblu coerent de metode, reguli, ipoteze, surse de date, proceduri statistice \u0219i ecua\u021bii prin care datele m\u0103surate sau colectate \u00een teren sunt transformate \u00een indicatorii \u0219i rezultate IFN. Metodologia precizeaz\u0103 variabilele, pa\u0219ii de preprocesare \u0219i agregare, estimatorii utiliza\u021bi, formulele de calcul (inclusiv pentru erori\/varian\u021be) \u0219i verific\u0103rile de calitate.<br \/>\n<em><strong>Algoritm de prelucrare a datelor<\/strong><\/em> \u2013 secven\u021b\u0103 finit\u0103 de pa\u0219i opera\u021bionali, implementat\u0103 informatic (subrutin\u0103), care aplic\u0103 automat metodologia de calcul asupra datelor primare m\u0103surate sau colectate, pentru a genera rezultatele IFN.<\/p>\n<h2>Dezvoltarea IFN \u00een Rom\u00e2nia<\/h2>\n<p style=\"text-align: justify;\">Realizarea unui inventar forestier la nivel na\u0163ional a fost determinat\u0103 de interesul ridicat pentru ob\u0163inerea de informa\u0163ii despre resursele forestiere din Rom\u00e2nia, datorit\u0103 dezvolt\u0103rii industriei de prelucrare a lemnului \u00een perioada anilor \u201950.<\/p>\n<p style=\"text-align: justify;\">\u00cencep\u00e2nd cu anul 1948, toate p\u0103durile rom\u00e2ne\u015fti au devenit proprietate public\u0103 \u015fi au \u00eenceput s\u0103 fie gestionate de stat \u00een mod unitar, prin implementarea unui sistem unitar de amenajare a p\u0103durilor pentru fondul forestier na\u0163ional. Dup\u0103 ce toate p\u0103durile au fost amenajate unitar, tradi\u0163ia a fost s\u0103 se realizeze periodic inventare ale fondului forestier prin actualizarea \u015fi agregarea datelor din amenajamentele silvice. Pe baza informa\u0163iilor con\u0163inute de amenajamentele silvice, au fost elaborate inventare ale fondului forestier \u00een anii 1965, 1973, 1980 si 1984.<\/p>\n<p style=\"text-align: justify;\">IFN este un inventar modern, cu scopuri multiple, care furnizeaz\u0103 informa\u0163ii despre p\u0103duri cu mult dincolo de cele rezultate din simple m\u0103sur\u0103tori forestiere. Prin urmare, noul IFN a fost conceput \u00eenc\u0103 de la \u00eenceput s\u0103 permit\u0103 efectuarea de m\u0103sur\u0103tori \u00eentr-o re\u021bea sistematic\u0103 de suprafe\u021be de prob\u0103 \u015fi colectarea tuturor datelor care s\u0103 asigure at\u00e2t furnizarea de informa\u0163ii necesare elabor\u0103rii principalilor indicatori de gestionare durabil\u0103 a p\u0103durilor, c\u00e2t \u015fi raportarea informa\u0163iilor privind carbonul stocat \u00een ecosistemele forestiere \u00een conformitate cu prevederile Protocolului de la Kyoto, precum \u015fi a celor privind diversitatea biologic\u0103 a p\u0103durilor.<\/p>\n<p style=\"text-align: justify;\">Un inventar pilot a fost efectuat \u00een anul 2007, \u00een scopul de a verifica fezabilitatea metodelor dezvoltate, adaptarea lor atunci c\u00e2nd a fost necesar \u015fi pentru a asigura o bun\u0103 inter-calibrare \u00eentre echipele care efectueaz\u0103 culegerea datelor de teren IFN.<\/p>\n<h2 style=\"text-align: justify;\">Utilizarea informa\u0163iilor<\/h2>\n<p style=\"text-align: justify;\">Deoarece ultimul inventar al fondului forestier na\u0163ional a fost realizat \u00een anii &#8217;80, \u00een prezent exist\u0103 o lips\u0103 acut\u0103 de informa\u0163ii privind resursele forestiere na\u0163ionale \u015fi starea acestora, at\u00e2t din partea sectorului public, c\u00e2t \u015fi a celui privat.<\/p>\n<p style=\"text-align: justify;\">Informa\u0163iile IFN vor fi utilizate la elaborarea politicii forestiere na\u0163ionale, care va fi exprimat\u0103 \u00een stategii, legisla\u0163ie \u015fi programe forestiere na\u0163ionale pentru gestionarea durabil\u0103 a p\u0103durilor. Ele vor fi utilizate, de asemenea, \u00een procesele decizionale cu privire la dezvoltarea industriei forestiere \u015fi colaborarea intersectorial\u0103, la furnizarea de informa\u0163ii despre resursele forestiere c\u0103tre organismele na\u0163ionale \u015fi interna\u0163ionale (FAO Evaluarea Resurselor Forestiere \u015fi Conferin\u0163a Ministerial\u0103 pentru protec\u0163ia p\u0103durilor \u00een Europa) \u015fi pentru a oferi informa\u0163ii privind stocarea carbonului \u015fi diversitatea biologic\u0103 din ecosistemele forestiere, starea de s\u0103n\u0103tate a p\u0103durilor, v\u0103t\u0103m\u0103ri cauzate de diver\u015fi factori etc.<\/p>\n<h2 style=\"text-align: justify;\">Proiectul de e\u015fantionaj<\/h2>\n<p style=\"text-align: justify;\">IFN rom\u00e2n este conceput ca un inventar forestier continuu (<em>continuous forest inventory<\/em>-CFI), cu o periodicitate a m\u0103sur\u0103torilor de cinci ani. El se bazeaz\u0103 pe e\u015fantionajul sistematic, combin\u0103 m\u0103sur\u0103torile repetate \u00een suprafe\u0163e de prob\u0103 permanente cu m\u0103sur\u0103torile \u00een suprafe\u0163e de prob\u0103 temporare \u015fi este realizat \u00een dou\u0103 etape: a) evalu\u0103ri forestiere pe ortofotoplanuri \u0219i b) m\u0103sur\u0103tori pe teren. IFN acoper\u0103 uniform \u00eentreg teritoriul \u0163\u0103rii \u015fi se bazeaz\u0103 pe o re\u0163ea de 4&#215;4 km (Fig. 1). Densitatea re\u0163elei este mai mare \u00een zona de c\u00e2mpie (2&#215;2 km) din cauza acoperirii foarte sc\u0103zute cu vegeta\u0163ie forestier\u0103. Modul de amplasare a suprafe\u0163elor de prob\u0103 \u00een re\u0163ea este prezentat \u00een Fig. 2.<\/p>\n<p style=\"text-align: center;\"><a href=\"http:\/\/www.roifn.ro\/site\/wp-content\/uploads\/2011\/01\/despreIFN_3_fig11.jpg\"><img loading=\"lazy\" class=\"size-full wp-image-337 aligncenter\" title=\"despreIFN_3_fig1\" src=\"http:\/\/www.roifn.ro\/site\/wp-content\/uploads\/2011\/01\/despreIFN_3_fig11.jpg\" alt=\"\" width=\"420\" height=\"298\" \/><\/a><\/p>\n<p style=\"text-align: center;\"><strong>Fig.1. Harta Rom\u00e2nia. Re\u0163elele IFN de 4x4km \u015fi 2x2km<\/strong><br \/>\n<a href=\"http:\/\/www.roifn.ro\/site\/wp-content\/uploads\/2011\/01\/despreIFN_3_fig21.jpg\"><img loading=\"lazy\" class=\"aligncenter size-full wp-image-334\" title=\"despreIFN_3_fig2\" src=\"http:\/\/www.roifn.ro\/site\/wp-content\/uploads\/2011\/01\/despreIFN_3_fig21.jpg\" alt=\"\" width=\"420\" height=\"594\" \/><\/a><\/p>\n<p style=\"text-align: center;\"><strong>Fig.2. Re\u0163eaua IFN 4&#215;4 km pe ani de colectare a datelor de teren <\/strong><\/p>\n<p style=\"text-align: justify;\">Pentru determinarea suprafe\u0163ei terenurilor cu vegeta\u0163ie forestier\u0103 \u015fi a acoperirii\/utiliz\u0103rii terenurilor la nivel na\u0163ional, este folosit\u0103 o re\u0163ea sistematic\u0103 de 500x500m care acoper\u0103 uniform \u00eentreg teritoriul \u0163\u0103rii.<\/p>\n<p style=\"text-align: justify;\">\u00cen scopul cre\u015fterii eficien\u0163ei muncii de teren, m\u0103sur\u0103torile sunt realizate \u00een suprafe\u0163e de prob\u0103 grupate c\u00e2te 4 \u00een sondaje. Un sondaj are forma unui p\u0103trat cu latura de 250 m \u015fi este amplasat \u00een col\u0163ul de sud-vest al unui p\u0103trat din re\u0163eaua de 4&#215;4 (2&#215;2) km (fig. 3). \u00cen cele 4 col\u0163uri ale sondajului se afl\u0103 o suprafa\u0163\u0103 de prob\u0103 IFN. La sf\u00e2r\u015fitul unui ciclu IFN de cinci ani, au fost parcurse cu lucr\u0103ri de teren circa 28.000 de suprafe\u0163e de prob\u0103 permanente \u015fi 7.000 de suprafe\u0163e de prob\u0103 temporare. Suprafe\u0163ele de prob\u0103 temporare sunt, de asemenea, selectate \u00een mod sistematic.<\/p>\n<p style=\"text-align: center;\"><a href=\"https:\/\/roifn.ro\/site\/450\/\" rel=\"attachment wp-att-450\"><img loading=\"lazy\" title=\"sondaj\" src=\"http:\/\/www.roifn.ro\/site\/wp-content\/uploads\/2011\/01\/sondaj.jpg\" alt=\"\" width=\"399\" height=\"399\" \/><\/a><\/p>\n<p style=\"text-align: center;\">\n<p style=\"text-align: center;\"><strong>Fig.3. Structura a unui sondaj: patru suprafe\u0163e de prob\u0103 situate \u00een col\u0163urile unui p\u0103trat \u015fi patru laturi ale sondajului <\/strong><\/p>\n<p style=\"text-align: justify;\">Fiecare suprafa\u0163\u0103 de prob\u0103 con\u0163ine mai multe cercuri (Fig. 4), dup\u0103 cum urmeaz\u0103:<\/p>\n<p style=\"text-align: justify;\">1. C\u00e2te dou\u0103 cercuri concentrice situate la 10 m de o parte \u015fi de alta a centrului suprafe\u0163ei de prob\u0103, pe direc\u0163ia est-vest, pentru m\u0103surarea regener\u0103rii, astfel:<\/p>\n<div style=\"text-align: justify;\">\n<div>\n<ul>\n<li>dou\u0103 cercuri cu raza de 1,00 m pentru m\u0103surarea puie\u0163ilor\/arborilor de la 10 cm la 50 cm \u00een\u0103l\u0163ime;<\/li>\n<li>dou\u0103 cercuri cu raza de 1,78 m pentru m\u0103surarea puie\u0163ilor\/arborilor de peste 50 cm \u00een\u0103l\u0163ime \u015fi cu diametrul (DBH) sub 56 mm.<\/li>\n<\/ul>\n<\/div>\n<\/div>\n<div style=\"text-align: justify;\">\n<p>2. Trei cercuri concentrice amplasate \u00een centrul suprafe\u0163ei de prob\u0103:<\/p>\n<div>\n<ul>\n<li>un cerc cu raza de 7,98 m pentru m\u0103surarea arborilor e\u015fantion cu 56 mm \u2265 DBH \u2264 285 mm, a lemnului mort c\u0103zut la p\u0103m\u00e2nt, a cioatelor \u015fi florei indicatoare;<\/li>\n<li>un cerc cu raza de 12,62 m pentru m\u0103surarea arborilor e\u015fantion cu DBH&gt; 285 mm;<\/li>\n<li>un cerc cu raza de 25 m pentru descrierea sta\u0163iunii forestiere, a tipului de p\u0103dure, a solurilor forestiere \u015fi a lizierelor p\u0103durii.<\/li>\n<\/ul>\n<\/div>\n<\/div>\n<p style=\"text-align: justify;\">Setul de m\u0103sur\u0103tori care se efectueaz\u0103 \u00een fiecare suprafa\u0163\u0103 de prob\u0103 a fost conceput nu numai pentru estimarea resurselor forestiere \u015fi a cre\u015fterii p\u0103durii, ci \u015fi pentru a permite raportarea precis\u0103 a cantit\u0103\u0163ii de carbon stocat \u00een ecosistemele forestiere. Prin urmare, \u00een afar\u0103 de m\u0103sur\u0103torile biometrice clasice ale arborilor, se descriu \u015fi caracteristicile solului \u015fi sunt luate probe pentru analize de laborator \u00een vederea determin\u0103rii cantit\u0103\u0163ii de carbon organic stocat \u00een solurile forestiere.<\/p>\n<p style=\"text-align: justify;\">Primul inventar forestier na\u0163ional sistematic a fost realizat dup\u0103 o lung\u0103 perioad\u0103 de timp, iar estimarea cre\u015fterii p\u0103durii s-a realizat pe date dendrocronologice. Echipele de teren recolteaz\u0103 \u00een mod sistematic carote de cre\u015ftere de la 3 &#8211; 6 arbori din fiecare suprafa\u0163\u0103 de prob\u0103, iar acestea sunt prelucrate \u00een scopul estim\u0103rii corecte a v\u00e2rstei arborilor \u015fi a cre\u015fterii lor pe parcursul ultimilor 5 ani.<\/p>\n<p style=\"text-align: center;\"><a href=\"http:\/\/www.roifn.ro\/site\/wp-content\/uploads\/2011\/01\/aboutNFI_3_fig41.jpg\"><img loading=\"lazy\" class=\"aligncenter size-full wp-image-336\" title=\"aboutNFI_3_fig4\" src=\"http:\/\/www.roifn.ro\/site\/wp-content\/uploads\/2011\/01\/aboutNFI_3_fig41.jpg\" alt=\"\" width=\"400\" height=\"347\" \/><\/a><\/p>\n<p style=\"text-align: center;\"><strong>Fig.4. Componen\u0163a unei suprafe\u0163e de prob\u0103.<\/strong> Fiecare cerc reprezint\u0103 o zon\u0103 diferit\u0103 de e\u015fantionare cu m\u0103surare.<\/p>\n<h2>Tehnici de estimare<\/h2>\n<p style=\"text-align: justify;\">Estimarea suprafe\u0163ei terenurilor cu vegeta\u0163ie forestier\u0103 se bazeaz\u0103 pe suprafa\u0163a total\u0103 a \u0163\u0103rii, considerat\u0103 lipsit\u0103 de erori, \u015fi pe propor\u0163ia de puncte din re\u0163eaua IFN de 500x500m situate \u00een terenurilor cu vegeta\u0163ie forestier\u0103 din totalul punctelor din aceast\u0103 re\u0163ea.<\/p>\n<p style=\"text-align: justify;\">Volumul pentru cele mai importante 43 de specii de arbori se estimeaz\u0103 pe baza unei ecua\u0163ii de regresie, av\u00e2nd diametrul \u015fi \u00een\u0103l\u0163imea ca variabile de intrare. Pentru speciile de conifere, ecua\u0163iile se refer\u0103 numai la volumul fusului, f\u0103r\u0103 ramuri. \u00cen\u0103l\u0163imea se m\u0103soar\u0103 pentru fiecare arbore e\u015fantion.<\/p>\n<p style=\"text-align: justify;\">Estimarea cantit\u0103\u0163ii totale de lemn exploatat din terenurile cu vegeta\u0163ie forestier\u0103 se bazeaz\u0103 pe m\u0103sur\u0103tori efectuate succesiv \u00een suprafe\u0163ele de prob\u0103 permanente IFN, inclusiv a cioatelor.<\/p>\n<h2>Perspective<\/h2>\n<p style=\"text-align: justify;\">IFN \u00eendepline\u0219te multiple obiective \u015fi se bazeaz\u0103 pe un sistem de e\u015fantionare sistematic\u0103 a terenurilor cu vegeta\u0163ie forestier\u0103. Lucr\u0103rile de culegere a datelor de teren s-au realizat \u00een perioadele 2008-2012, 2013-2018 \u0219i 2020-2024.<\/p>\n<p style=\"text-align: justify;\">Rom\u00e2nia dispune de o mare diversitate a formelor de relief, iar p\u0103durile sunt situate preponderent \u00een zonele de munte \u015fi de dealuri, greu accesibile, \u00een special din cauza lipsei instala\u0163iilor de transport. Dar metoda de lucru adoptat\u0103, instrumentele \u015fi echipamentele IFN asigur\u0103 elaborarea unui inventar forestier performant, care poate oferi toate datele necesare pentru o estimare precis\u0103 a resurselor forestiere \u015fi raportarea detaliat\u0103 a indicatorilor de caracterizare a acesteia.<\/p>\n<p style=\"text-align: justify;\">IFN nu se axeaz\u0103 numai pe determinarea compozi\u0163iei \u015fi volumului p\u0103durilor, ci ofer\u0103, de asemenea, estim\u0103ri privind cantitatea de carbon din ecosistemele forestiere \u015fi diversitatea biologic\u0103 a acestora, formele de proprietate asupra p\u0103durilor, starea de s\u0103n\u0103tate \u015fi accesibilitatea acestora etc. S-a acordat, \u00eentr-adev\u0103r, o aten\u0163ie deosebit\u0103 ca informa\u0163iile IFN s\u0103 asigure raportarea indicatorilor de gestionare durabil\u0103 a p\u0103durilor \u015fi s\u0103 fie conforme cu orient\u0103rile de bun\u0103 practic\u0103 recomandate de Conven\u0163ia-cadru a ONU privind schimb\u0103rile climatice, precum \u015fi cu cele de evaluare a diversit\u0103\u0163ii biologice a p\u0103durilor.<\/p>\n","protected":false},"excerpt":{"rendered":"<p>Inventarul forestier na\u0163ional (IFN) a fost ini\u0163iat \u00een anul 2006. El este proiectat s\u0103 acopere \u00eentreaga vegeta\u0163ie forestiere din Rom\u00e2nia, respectiv fondul forestier na\u0163ional, vegeta\u0163ia forestier\u0103 din afara fondului forestier na\u0163ional \u015fi arborii din afara p\u0103durii. Institutul de Cercet\u0103ri \u015fi Amenaj\u0103ri Silvice Bucure\u015fti este responsabil pentru proiectarea \u015fi punerea \u00een aplicare a IFN, pentru efectuarea [&hellip;]<\/p>\n","protected":false},"author":1,"featured_media":0,"parent":0,"menu_order":1,"comment_status":"closed","ping_status":"closed","template":"page-left.php","meta":[],"_links":{"self":[{"href":"https:\/\/roifn.ro\/site\/wp-json\/wp\/v2\/pages\/174"}],"collection":[{"href":"https:\/\/roifn.ro\/site\/wp-json\/wp\/v2\/pages"}],"about":[{"href":"https:\/\/roifn.ro\/site\/wp-json\/wp\/v2\/types\/page"}],"author":[{"embeddable":true,"href":"https:\/\/roifn.ro\/site\/wp-json\/wp\/v2\/users\/1"}],"replies":[{"embeddable":true,"href":"https:\/\/roifn.ro\/site\/wp-json\/wp\/v2\/comments?post=174"}],"version-history":[{"count":20,"href":"https:\/\/roifn.ro\/site\/wp-json\/wp\/v2\/pages\/174\/revisions"}],"predecessor-version":[{"id":1353,"href":"https:\/\/roifn.ro\/site\/wp-json\/wp\/v2\/pages\/174\/revisions\/1353"}],"wp:attachment":[{"href":"https:\/\/roifn.ro\/site\/wp-json\/wp\/v2\/media?parent=174"}],"curies":[{"name":"wp","href":"https:\/\/api.w.org\/{rel}","templated":true}]}}