{"id":1212,"date":"2020-10-13T10:57:53","date_gmt":"2020-10-13T07:57:53","guid":{"rendered":"http:\/\/roifn.ro\/site\/?page_id=1212"},"modified":"2021-05-28T09:53:00","modified_gmt":"2021-05-28T06:53:00","slug":"books","status":"publish","type":"page","link":"https:\/\/roifn.ro\/site\/books\/","title":{"rendered":"Books"},"content":{"rendered":"<p><a href=\"https:\/\/novapublishers.com\/shop\/estimation-methods-in-the-romanian-national-forest-inventory\/\"><br \/>\n   <strong>Estimation Methods in the Romanian National Forest Inventory<\/strong><br \/>\n<\/a><\/p>\n<p>Olivier Bouriaud, Gheorghe Marin, Jean-Christophe Herv\u00e9, Thomas Riedel, Adrian Lanz [2020]<\/p>\n<p><a href=\"http:\/\/roifn.ro\/pdfs\/Inventarul_forestier_national_din_Romania_Ciclul_I_2008-2012.pdf\"><br \/>\n   <strong>National Forest Inventory in Romania. Cycle I (2008-2012)<\/strong><br \/>\n<\/a><\/p>\n<p>Gheorghe Marin, Olivier Bouriaud, Ioan-C\u0103t\u0103lin Calot\u0103, Daniel-Marius Ni\u021bu, Marius Dumitru[2019]<\/p>\n","protected":false},"excerpt":{"rendered":"<p>Estimation Methods in the Romanian National Forest Inventory Olivier Bouriaud, Gheorghe Marin, Jean-Christophe Herv\u00e9, Thomas Riedel, Adrian Lanz [2020] National Forest Inventory in Romania. Cycle I (2008-2012) Gheorghe Marin, Olivier Bouriaud, Ioan-C\u0103t\u0103lin Calot\u0103, Daniel-Marius Ni\u021bu, Marius Dumitru[2019]<\/p>\n","protected":false},"author":1,"featured_media":0,"parent":0,"menu_order":0,"comment_status":"closed","ping_status":"open","template":"","meta":[],"_links":{"self":[{"href":"https:\/\/roifn.ro\/site\/wp-json\/wp\/v2\/pages\/1212"}],"collection":[{"href":"https:\/\/roifn.ro\/site\/wp-json\/wp\/v2\/pages"}],"about":[{"href":"https:\/\/roifn.ro\/site\/wp-json\/wp\/v2\/types\/page"}],"author":[{"embeddable":true,"href":"https:\/\/roifn.ro\/site\/wp-json\/wp\/v2\/users\/1"}],"replies":[{"embeddable":true,"href":"https:\/\/roifn.ro\/site\/wp-json\/wp\/v2\/comments?post=1212"}],"version-history":[{"count":5,"href":"https:\/\/roifn.ro\/site\/wp-json\/wp\/v2\/pages\/1212\/revisions"}],"predecessor-version":[{"id":1235,"href":"https:\/\/roifn.ro\/site\/wp-json\/wp\/v2\/pages\/1212\/revisions\/1235"}],"wp:attachment":[{"href":"https:\/\/roifn.ro\/site\/wp-json\/wp\/v2\/media?parent=1212"}],"curies":[{"name":"wp","href":"https:\/\/api.w.org\/{rel}","templated":true}]}}