{"id":1211,"date":"2020-10-13T10:58:01","date_gmt":"2020-10-13T07:58:01","guid":{"rendered":"http:\/\/roifn.ro\/site\/?page_id=1211"},"modified":"2021-05-28T09:51:43","modified_gmt":"2021-05-28T06:51:43","slug":"carti","status":"publish","type":"page","link":"https:\/\/roifn.ro\/site\/carti\/","title":{"rendered":"Carti"},"content":{"rendered":"<p><a href=\"https:\/\/novapublishers.com\/shop\/estimation-methods-in-the-romanian-national-forest-inventory\/\"><br \/>\n   <strong>Estimation Methods in the Romanian National Forest Inventory<\/strong><br \/>\n<\/a><\/p>\n<p>Olivier Bouriaud, Gheorghe Marin, Jean-Christophe Herv\u00e9, Thomas Riedel, Adrian Lanz [2020]<\/p>\n<p><a href=\"http:\/\/roifn.ro\/pdfs\/Inventarul_forestier_national_din_Romania_Ciclul_I_2008-2012.pdf\"><br \/>\n   <strong>Inventarul Forestier National din Romania. Ciclul I (2008-2012)<\/strong><br \/>\n<\/a><\/p>\n<p>Gheorghe Marin, Olivier Bouriaud, Ioan-C\u0103t\u0103lin Calot\u0103, Daniel-Marius Ni\u021bu, Marius Dumitru[2019]<\/p>\n","protected":false},"excerpt":{"rendered":"<p>Estimation Methods in the Romanian National Forest Inventory Olivier Bouriaud, Gheorghe Marin, Jean-Christophe Herv\u00e9, Thomas Riedel, Adrian Lanz [2020] Inventarul Forestier National din Romania. Ciclul I (2008-2012) Gheorghe Marin, Olivier Bouriaud, Ioan-C\u0103t\u0103lin Calot\u0103, Daniel-Marius Ni\u021bu, Marius Dumitru[2019]<\/p>\n","protected":false},"author":1,"featured_media":0,"parent":0,"menu_order":0,"comment_status":"closed","ping_status":"open","template":"","meta":[],"_links":{"self":[{"href":"https:\/\/roifn.ro\/site\/wp-json\/wp\/v2\/pages\/1211"}],"collection":[{"href":"https:\/\/roifn.ro\/site\/wp-json\/wp\/v2\/pages"}],"about":[{"href":"https:\/\/roifn.ro\/site\/wp-json\/wp\/v2\/types\/page"}],"author":[{"embeddable":true,"href":"https:\/\/roifn.ro\/site\/wp-json\/wp\/v2\/users\/1"}],"replies":[{"embeddable":true,"href":"https:\/\/roifn.ro\/site\/wp-json\/wp\/v2\/comments?post=1211"}],"version-history":[{"count":9,"href":"https:\/\/roifn.ro\/site\/wp-json\/wp\/v2\/pages\/1211\/revisions"}],"predecessor-version":[{"id":1234,"href":"https:\/\/roifn.ro\/site\/wp-json\/wp\/v2\/pages\/1211\/revisions\/1234"}],"wp:attachment":[{"href":"https:\/\/roifn.ro\/site\/wp-json\/wp\/v2\/media?parent=1211"}],"curies":[{"name":"wp","href":"https:\/\/api.w.org\/{rel}","templated":true}]}}