{"id":12,"date":"2011-01-11T12:42:49","date_gmt":"2011-01-11T10:42:49","guid":{"rendered":"http:\/\/localhost\/roifn.ro\/?page_id=12"},"modified":"2014-06-06T13:55:21","modified_gmt":"2014-06-06T10:55:21","slug":"ce-este-ifn","status":"publish","type":"page","link":"https:\/\/roifn.ro\/site\/ce-este-ifn\/","title":{"rendered":"Ce este IFN?"},"content":{"rendered":"<p style=\"text-align: justify;\"><strong>Inventarul forestier\u00a0na\u021bional\u00a0(IFN) <\/strong> este principalul instrument de evaluare a resurselor forestiere dintr-o \u021bar\u0103. El are ca sarcin\u0103 principal\u0103 desf\u0103\u0219urarea la nivel na\u021bional a activit\u0103\u021bilor de colectare, gestionare \u015fi analiz\u0103 a informa\u021biilor privind resursele forestiere, de a publica rezultatele analizelor respective \u015fi de a \u00eentocmi studii\/scenarii privind dezvoltarea sectorului forestier care s\u0103 fie utilizate, cu prec\u0103dere, \u00een procesele de elaborare a politicii forestiere \u015fi de cooperare inter-sectorial\u0103.<\/p>\n<p style=\"text-align: justify;\">De asemenea, IFN este principalul furnizor de date pentru raportarea indicatorilor de gestionare durabil\u0103 a p\u0103durilor, conform angajamentelor asumate de \u021bara noastr\u0103 \u00een cadrul Conferin\u021bei ministeriale pentru protec\u021bia p\u0103durilor \u00een Europa ( <a href=\"http:\/\/www.mcpfe.org\/\" target=\"_blank\">MCPFE<\/a> ). El furnizeaz\u0103, de asemenea, date indispensabile raport\u0103rilor pentru Conven\u021bia-cadru a Na\u021biunilor Unite privind schimbarea climei\/Protocolul de la Kyoto ( <a href=\"http:\/\/unfccc.int\/\" target=\"_blank\">UNFCCC\/KP<\/a> ) \u015fi pentru Conven\u021bia privind diversitatea biologic\u0103 ( <a href=\"http:\/\/www.cbd.int\/\">CBD<\/a> ).<\/p>\n<p style=\"text-align: justify;\">Activitatea serviciul IFN constituit \u00een cadrul <a href=\"http:\/\/www.icas.ro\/\" target=\"_blank\">ICAS<\/a> este deosebit de complex\u0103, de la culegerea datelor de teren (despre arbori, arborete, lemn mort, soluri forestiere etc.) la fotogrammetrie digital\u0103, analize de laborator \u0219i prelucrarea statistic\u0103 a unui volum imens de date.<\/p>\n","protected":false},"excerpt":{"rendered":"<p>Inventarul forestier\u00a0na\u021bional\u00a0(IFN) este principalul instrument de evaluare a resurselor forestiere dintr-o \u021bar\u0103. El are ca sarcin\u0103 principal\u0103 desf\u0103\u0219urarea la nivel na\u021bional a activit\u0103\u021bilor de colectare, gestionare \u015fi analiz\u0103 a informa\u021biilor privind resursele forestiere, de a publica rezultatele analizelor respective \u015fi de a \u00eentocmi studii\/scenarii privind dezvoltarea sectorului forestier care s\u0103 fie utilizate, cu prec\u0103dere, \u00een [&hellip;]<\/p>\n","protected":false},"author":1,"featured_media":0,"parent":0,"menu_order":0,"comment_status":"closed","ping_status":"closed","template":"page-left.php","meta":[],"_links":{"self":[{"href":"https:\/\/roifn.ro\/site\/wp-json\/wp\/v2\/pages\/12"}],"collection":[{"href":"https:\/\/roifn.ro\/site\/wp-json\/wp\/v2\/pages"}],"about":[{"href":"https:\/\/roifn.ro\/site\/wp-json\/wp\/v2\/types\/page"}],"author":[{"embeddable":true,"href":"https:\/\/roifn.ro\/site\/wp-json\/wp\/v2\/users\/1"}],"replies":[{"embeddable":true,"href":"https:\/\/roifn.ro\/site\/wp-json\/wp\/v2\/comments?post=12"}],"version-history":[{"count":13,"href":"https:\/\/roifn.ro\/site\/wp-json\/wp\/v2\/pages\/12\/revisions"}],"predecessor-version":[{"id":978,"href":"https:\/\/roifn.ro\/site\/wp-json\/wp\/v2\/pages\/12\/revisions\/978"}],"wp:attachment":[{"href":"https:\/\/roifn.ro\/site\/wp-json\/wp\/v2\/media?parent=12"}],"curies":[{"name":"wp","href":"https:\/\/api.w.org\/{rel}","templated":true}]}}